{"id":968,"date":"2019-05-16T21:31:19","date_gmt":"2019-05-16T18:31:19","guid":{"rendered":"https:\/\/superisibungalow.com\/?page_id=968"},"modified":"2019-06-16T19:31:55","modified_gmt":"2019-06-16T16:31:55","slug":"turgut-selalesi-2","status":"publish","type":"page","link":"https:\/\/superisibungalow.com\/?page_id=968","title":{"rendered":"Turgut \u015eelalesi"},"content":{"rendered":"<p>[vc_row][vc_column width=&#8221;1\/2&#8243;][vc_column_text]<\/p>\n<div class=\"brz-wrapper css-6fvry1\">\n<div class=\"brz-d-xs-flex css-laz546\">\n<div class=\"brz-rich-text\">\n<h2 class=\"brz-tp-heading2 brz-text-xs-center brz-text-lg-center\"><\/h2>\n<\/div>\n<\/div>\n<\/div>\n<div class=\"brz-wrapper css-6fvry1\">\n<div class=\"brz-d-xs-flex css-laz546\">\n<div class=\"brz-rich-text\">\n<p class=\"brz-tp-paragraph brz-text-lg-center\"><span class=\"brz-cp-color7\">Marmaris&#8217;in yak\u0131nlar\u0131nda \u015firin bir k\u00f6y olan Turgut K\u00f6y\u00fc ve Turgut \u015eelalesi<\/span><\/p>\n<\/div>\n<\/div>\n<\/div>\n<div class=\"brz-wrapper css-6fvry1\">\n<div class=\"brz-d-xs-flex css-laz546\">\n<div class=\"brz-rich-text\">\n<p class=\"brz-tp-subtitle brz-text-xs-center\"><span class=\"brz-cp-color3\">Turgut,\u00a0Marmaris&#8217;in g\u00fcneybat\u0131s\u0131nda Bay\u0131r&#8217;dan 9 kilometre sonra gelen ve turizm ad\u0131na her y\u0131l b\u00fcy\u00fck geli\u015fmeler kaydeden bir yerdir.<\/span><\/p>\n<p class=\"brz-tp-subtitle brz-text-xs-center\"><span class=\"brz-cp-color3\">\u00d6zellikle Cip safari turlar\u0131n\u0131n pop\u00fcler u\u011frak noktalar\u0131ndand\u0131r. K\u00f6yde ayn\u0131 zamanda hal\u0131c\u0131l\u0131k \u00f6n planda.<\/span><\/p>\n<p class=\"brz-tp-subtitle brz-text-xs-center\"><span class=\"brz-cp-color3\">D\u00fckkanlarda T\u00fcrkiye&#8217;nin her yerinden gelen hal\u0131lara rastlamak m\u00fcmk\u00fcn. K\u00f6ye gelen ziyaret\u00e7iler hal\u0131 dokuma i\u015flemlerini canl\u0131 olarak izleyebilmekte.<\/span><\/p>\n<p class=\"brz-tp-subtitle brz-text-xs-center\"><span class=\"brz-cp-color3\">Turgut \u015eelalesi yaz aylar\u0131nda olduk\u00e7a fazla ziyaret\u00e7i a\u011f\u0131rlamaktad\u0131r ve turizm a\u00e7\u0131s\u0131ndan bilinen bir yerdir.\u00a0<\/span><\/p>\n<p class=\"brz-tp-subtitle brz-text-xs-center\"><span class=\"brz-cp-color3\">Yaz\u0131n kavurucu s\u0131cakl\u0131\u011f\u0131nda buraya gitti\u011finizde huzur bulursunuz. \u015eelalede serinlerken bir yandan da \u00e7evrede bulunan cafe tarz\u0131 yerlerde de karn\u0131n\u0131z\u0131 doyurabilirsiniz.<\/span><\/p>\n<p class=\"brz-tp-subtitle brz-text-xs-center\"><span class=\"brz-cp-color3\">Turgut \u015eelalesinin ayr\u0131 bir \u00f6zelli\u011fi de i\u00e7inden bu kadar rahat y\u00fcr\u00fcnen co\u011frafi yap\u0131s\u0131na sahip olmas\u0131 t\u0131pk\u0131 bir merdiveni an\u0131msatmaktad\u0131r.<\/span><\/p>\n<p><strong>Turgut \u015eelalesi<\/strong>\u00a0Mu\u011fla ilimizin Marmaris il\u00e7esine ba\u011fl\u0131\u00a0<strong>Turgut<\/strong>\u00a0mahallesinde\u00a0<strong>Orhaniye<\/strong>k\u00f6y\u00fcnde muhte\u015fem kelimesinin yetersiz kald\u0131\u011f\u0131 cennet k\u00f6\u015fesi do\u011fal bir \u015felaledir.<\/p>\n<p>Dev s\u0131\u011fla a\u011fa\u00e7lar\u0131n\u0131n bulundu\u011fu bir alanda en b\u00fcy\u00fc\u011f\u00fc yakla\u015f\u0131k 10 metreden d\u00f6k\u00fclen, pe\u015f pe\u015fe s\u0131ralanm\u0131\u015f be\u015f \u015felale var. Sular\u0131 ge\u00e7en y\u0131llarda bir par\u00e7a azalan \u015felale, y\u00f6re turizmine \u00f6nemli bir katk\u0131 sa\u011fl\u0131yor. Akdeniz ikliminin yaz s\u0131caklar\u0131nda ortal\u0131\u011f\u0131 kavurdu\u011fu g\u00fcnlerde, \u015felalenin g\u00f6letinde serinlemek isteyenlerle dolup ta\u015f\u0131yor y\u00f6re. Cip safari veya trekking etkinli\u011fiyle gelen gruplar, \u015felale ziyaretinin ard\u0131ndan civardaki g\u00f6zlemecilere veya alabal\u0131k lokantalar\u0131na ak\u0131n ediyor.<\/p>\n<p>\u015eelaleyi g\u00f6rmeye gerenler, Orhaniye\u2019de denizin \u00fcst\u00fcndeki ilgin\u00e7 olu\u015fum K\u0131zkumu\u2019nu ziyaret edip Hisar\u00f6n\u00fc\u2019n\u00fcn g\u00fczel sahillerinde y\u00fczebilir. Marmaris\u2019e 33 kilometre uzakl\u0131ktaki Turgut k\u00f6y\u00fcne gitmek i\u00e7in iki alternatif var. \u0130lki Marmaris-Dat\u00e7a yolunu takip edip Orhaniye sapa\u011f\u0131ndan sola d\u00f6nen yolu izlemek. \u0130kincisi ise Marmaris-\u0130\u00e7meler-Turun\u00e7 g\u00fczerg\u00e2h\u0131ndan Bozburun levhas\u0131na y\u00f6nelmek ve Bay\u0131rk\u00f6y\u2019de sa\u011fa ayr\u0131lan kav\u015faktan yar\u0131m saatte Turgut\u2019a ula\u015fmak.<\/p>\n<p>Marmaris merkezden yakla\u015f\u0131k 30-40 km uzakl\u0131kta, 3 ayr\u0131 \u015felaleden olu\u015fan etraf\u0131 yemye\u015fil harika bir mekan.\u00a0<strong>Turgut \u015felalesi<\/strong>\u00a0\u00fclkemizde\u00a0<strong>g\u00f6r\u00fclmesi gereken<\/strong>, insana huzur, mutluluk ve bol oksijen veren \u00fccretsiz bir \u015felaledir. Ula\u015f\u0131m\u0131\u00a0<strong>Marmaris<\/strong>\u2018ten safari turlar\u0131 ve kendi arac\u0131n\u0131zla m\u00fcmk\u00fcn. G\u00fczergah \u00fczerinde o kadar harika g\u00fczel yerler var ki; Turgut \u015eelalesi\u2019ne varana kadar ak\u015fam olacakt\u0131r. Mutlaka ziyaret etmelisiniz.<\/p>\n<\/div>\n<\/div>\n<\/div>\n<p>[\/vc_column_text][\/vc_column][vc_column width=&#8221;1\/2&#8243;][vc_gallery type=&#8221;image_grid&#8221; images=&#8221;531,1046,1047,1048,1049,1050,1051,1052,1053&#8243; img_size=&#8221;170&#215;170&#8243;][\/vc_column][\/vc_row][vc_row][vc_column][\/vc_column][\/vc_row]<\/p>\n","protected":false},"excerpt":{"rendered":"<p>[vc_row][vc_column width=&#8221;1\/2&#8243;][vc_column_text] Marmaris&#8217;in yak\u0131nlar\u0131nda \u015firin bir k\u00f6y olan Turgut K\u00f6y\u00fc ve Turgut \u015eelalesi Turgut,\u00a0Marmaris&#8217;in g\u00fcneybat\u0131s\u0131nda Bay\u0131r&#8217;dan 9 kilometre sonra gelen ve turizm ad\u0131na her y\u0131l b\u00fcy\u00fck geli\u015fmeler kaydeden bir yerdir. [&hellip;]<\/p>\n","protected":false},"author":1,"featured_media":0,"parent":0,"menu_order":0,"comment_status":"closed","ping_status":"closed","template":"","meta":{"footnotes":""},"class_list":["post-968","page","type-page","status-publish","hentry"],"_links":{"self":[{"href":"https:\/\/superisibungalow.com\/index.php?rest_route=\/wp\/v2\/pages\/968","targetHints":{"allow":["GET"]}}],"collection":[{"href":"https:\/\/superisibungalow.com\/index.php?rest_route=\/wp\/v2\/pages"}],"about":[{"href":"https:\/\/superisibungalow.com\/index.php?rest_route=\/wp\/v2\/types\/page"}],"author":[{"embeddable":true,"href":"https:\/\/superisibungalow.com\/index.php?rest_route=\/wp\/v2\/users\/1"}],"replies":[{"embeddable":true,"href":"https:\/\/superisibungalow.com\/index.php?rest_route=%2Fwp%2Fv2%2Fcomments&post=968"}],"version-history":[{"count":6,"href":"https:\/\/superisibungalow.com\/index.php?rest_route=\/wp\/v2\/pages\/968\/revisions"}],"predecessor-version":[{"id":1057,"href":"https:\/\/superisibungalow.com\/index.php?rest_route=\/wp\/v2\/pages\/968\/revisions\/1057"}],"wp:attachment":[{"href":"https:\/\/superisibungalow.com\/index.php?rest_route=%2Fwp%2Fv2%2Fmedia&parent=968"}],"curies":[{"name":"wp","href":"https:\/\/api.w.org\/{rel}","templated":true}]}}